{"id":30,"date":"2014-08-18T12:48:57","date_gmt":"2014-08-18T12:48:57","guid":{"rendered":"http:\/\/www.tc-topconsult.com\/?page_id=30"},"modified":"2019-02-13T08:24:10","modified_gmt":"2019-02-13T08:24:10","slug":"legal-notice","status":"publish","type":"page","link":"https:\/\/tc-topconsult.com\/en\/legal-notice\/","title":{"rendered":"Legal Notice"},"content":{"rendered":"<p><strong>Top Consult GmbH<\/strong><\/p>\n<p>Address: N\u00f6rdliche M\u00fcnchener Stra\u00dfe 14a, 82031 Gr\u00fcnwald<\/p>\n<p>Phone: +49 (89) 90 90 15 155<\/p>\n<p>Fax: +49 (89) 20 93 84 98<\/p>\n<p>E-mail: <a title=\"Kontakt\" href=\"http:\/\/www.tc-topconsult.com\/kontakt\/\">kontakt@tc-topconsult.com<\/a><\/p>\n<p>Internet: <a href=\"http:\/\/www.tc-topconsult.com\">www.tc-topconsult.com<\/a><\/p>\n<p>Managing Director: Walter Dursch<\/p>\n<p>Register Court: Amtsgericht M\u00fcnchen<\/p>\n<p>Register number: HRB 89819<\/p>\n<p>Tax number: 143\/187\/10644 Finanzamt M\u00fcnchen f\u00fcr K\u00f6rperschaften<\/p>\n<p>Sales tax identification number according to Section 27 a Umsatzsteuergesetz (Sales Tax Law): DE 128221306<\/p>\n<hr \/>\n<p><strong>Responsible for content according to Section 55 para. 2 RStV (Interstate Broadcasting Treaty):<\/strong><\/p>\n<p>Top Consult GmbH, Walter Dursch, N\u00f6rdliche M\u00fcnchener Stra\u00dfe 14a, 82031 Gr\u00fcnwald<\/p>\n<p>Liability for contents: Top Consult GmbH always endeavors to publish only complete and correct information on this website. No liability can be accepted nor guarantee given for the relevance, accuracy and completeness of the information provided. We also reserve the right to change the contents at any time.<br \/>\nDisclaimer: In spite of careful content monitoring we cannot assume any liability for the content of external links. The contents of external links are the sole responsibility of their operators or providers.<br \/>\nCopyright: The structure and content of this website are subject to German copyright law. The duplication, processing, distribution and any kind of use \u2012 in particular the use of texts, parts of texts or images \u2012 outside the limits of copyright law require the written consent of the creator. Downloads and copies of this website may only be used privately, but not commercially.<br \/>\nFinal provisions: These terms of use are subject exclusively to German law. If individual provisions of these general terms of use should be or become invalid, this shall not be deemed to affect the validity of the remaining terms of use.<\/p>\n<p>&nbsp;<\/p>\n","protected":false},"excerpt":{"rendered":"<p>Top Consult GmbH Address: N\u00f6rdliche M\u00fcnchener Stra\u00dfe 14a, 82031 Gr\u00fcnwald Phone: +49 (89) 90 90 15 155 Fax: +49 (89) 20 93 84 98 E-mail: kontakt@tc-topconsult.com Internet: www.tc-topconsult.com Managing Director:\u2026 <a href=\"https:\/\/tc-topconsult.com\/en\/legal-notice\/\" class=\"read-more-link\">weiterlesen &rarr;<\/a><\/p>\n","protected":false},"author":1,"featured_media":0,"parent":0,"menu_order":0,"comment_status":"closed","ping_status":"closed","template":"page-fullwidth.php","meta":{"footnotes":""},"_links":{"self":[{"href":"https:\/\/tc-topconsult.com\/en\/wp-json\/wp\/v2\/pages\/30"}],"collection":[{"href":"https:\/\/tc-topconsult.com\/en\/wp-json\/wp\/v2\/pages"}],"about":[{"href":"https:\/\/tc-topconsult.com\/en\/wp-json\/wp\/v2\/types\/page"}],"author":[{"embeddable":true,"href":"https:\/\/tc-topconsult.com\/en\/wp-json\/wp\/v2\/users\/1"}],"replies":[{"embeddable":true,"href":"https:\/\/tc-topconsult.com\/en\/wp-json\/wp\/v2\/comments?post=30"}],"version-history":[{"count":10,"href":"https:\/\/tc-topconsult.com\/en\/wp-json\/wp\/v2\/pages\/30\/revisions"}],"predecessor-version":[{"id":4856,"href":"https:\/\/tc-topconsult.com\/en\/wp-json\/wp\/v2\/pages\/30\/revisions\/4856"}],"wp:attachment":[{"href":"https:\/\/tc-topconsult.com\/en\/wp-json\/wp\/v2\/media?parent=30"}],"curies":[{"name":"wp","href":"https:\/\/api.w.org\/{rel}","templated":true}]}}